{"id":8537,"date":"2018-02-21T14:06:11","date_gmt":"2018-02-21T14:06:11","guid":{"rendered":"https:\/\/www.demo.themicart.com\/interico-wp\/?page_id=8537"},"modified":"2024-08-05T02:45:45","modified_gmt":"2024-08-05T02:45:45","slug":"home","status":"publish","type":"page","link":"https:\/\/gerqinagroup.com\/en\/","title":{"rendered":"Home"},"content":{"rendered":"<section class=\"wpb-content-wrapper\"><div data-vc-full-width=\"true\" data-vc-full-width-init=\"false\" class=\"vc_row wpb_row vc_row-fluid vc_custom_1693178289850 vc_row-has-fill\"><div class=\"wpb_column vc_column_container vc_col-sm-3\"><div class=\"vc_column-inner vc_custom_1534926839578\"><div class=\"wpb_wrapper\"><a href=\"#\"><div class=\"feature-box icon-large-left box-default spacing-0 spacing-mob-0\"><span class=\"lnr lnr-calendar-full\"><\/span><div class=\"content-wrapper\"><h3 class=\"feature-title\">Garanci ekskluzive 10 vjet tek ne<\/h3><\/div><\/div><\/a><\/div><\/div><\/div><div class=\"wpb_column vc_column_container vc_col-sm-3\"><div class=\"vc_column-inner vc_custom_1534926848043\"><div class=\"wpb_wrapper\"><a href=\"#\"><div class=\"feature-box icon-large-left box-default spacing-0 spacing-mob-0\"><span class=\"lnr lnr-star\"><\/span><div class=\"content-wrapper\"><h3 class=\"feature-title\">Award-winning solutions<\/h3><\/div><\/div><\/a><\/div><\/div><\/div><div class=\"wpb_column vc_column_container vc_col-sm-3\"><div class=\"vc_column-inner vc_custom_1534926855140\"><div class=\"wpb_wrapper\"><a href=\"#\"><div class=\"feature-box icon-large-left box-default spacing-0 spacing-mob-0\"><span class=\"lnr lnr-home\"><\/span><div class=\"content-wrapper\"><h3 class=\"feature-title\">High-end interior projects<\/h3><\/div><\/div><\/a><\/div><\/div><\/div><div class=\"wpb_column vc_column_container vc_col-sm-3\"><div class=\"vc_column-inner vc_custom_1534926865189\"><div class=\"wpb_wrapper\"><a href=\"#\"><div class=\"feature-box icon-large-left box-default spacing-0 spacing-mob-0\"><span class=\"lnr lnr-pencil\"><\/span><div class=\"content-wrapper\"><h3 class=\"feature-title\">Get a personal assessment<\/h3><\/div><\/div><\/a><\/div><\/div><\/div><\/div><div class=\"vc_row-full-width vc_clearfix\"><\/div><div class=\"vc_row wpb_row vc_row-fluid vc_custom_1693178256843\"><div class=\"wpb_column vc_column_container vc_col-sm-3\"><div class=\"vc_column-inner vc_custom_1534927204586\"><div class=\"wpb_wrapper\"><div class=\"content-box service-item alignment-centered service-box-dark spacing-30\"><a href=\"https:\/\/gerqinagroup.com\/en\/produktet\/#1692820853462-62289c77-bad7\"><div class=\"image-container\"><div class=\"vertical-number-box\"><span class=\"vertical-number\">01<\/span><\/div><div class=\"arrow-box\"><span class=\"icon-arrow-right\"><\/span><\/div><img decoding=\"async\" src=\"https:\/\/gerqinagroup.com\/wp-content\/uploads\/2024\/08\/lamokkkk.png\" alt=\"LLAMINAT\"><\/div><div class=\"content-box-info\"><h4 class=\"box-heading\">Laminate<\/h4><\/div><\/a><\/div><\/div><\/div><\/div><div class=\"wpb_column vc_column_container vc_col-sm-3\"><div class=\"vc_column-inner\"><div class=\"wpb_wrapper\"><div class=\"content-box service-item alignment-centered service-box-dark spacing-30\"><a href=\"https:\/\/gerqinagroup.com\/en\/produktet\/#1692820767203-36c0eeaf-3643\"><div class=\"image-container\"><div class=\"vertical-number-box\"><span class=\"vertical-number\">01<\/span><\/div><div class=\"arrow-box\"><span class=\"icon-arrow-right\"><\/span><\/div><img decoding=\"async\" src=\"https:\/\/gerqinagroup.com\/wp-content\/uploads\/2023\/08\/pllaka-1.png\" alt=\"PLLAKAT\"><\/div><div class=\"content-box-info\"><h4 class=\"box-heading\">PLLAKAT<\/h4><\/div><\/a><\/div><\/div><\/div><\/div><div class=\"wpb_column vc_column_container vc_col-sm-3\"><div class=\"vc_column-inner\"><div class=\"wpb_wrapper\"><div class=\"content-box service-item alignment-centered service-box-dark spacing-30\"><a href=\"https:\/\/gerqinagroup.com\/index.php\/produktet\/#1692820767204-7908fd4c-e4ab\"><div class=\"image-container\"><div class=\"vertical-number-box\"><span class=\"vertical-number\">02<\/span><\/div><div class=\"arrow-box\"><span class=\"icon-arrow-right\"><\/span><\/div><img decoding=\"async\" src=\"https:\/\/gerqinagroup.com\/wp-content\/uploads\/2023\/08\/sanitari.png\" alt=\"SANITARI\"><\/div><div class=\"content-box-info\"><h4 class=\"box-heading\">Sanitation<\/h4><\/div><\/a><\/div><\/div><\/div><\/div><div class=\"wpb_column vc_column_container vc_col-sm-3\"><div class=\"vc_column-inner\"><div class=\"wpb_wrapper\"><div class=\"content-box service-item alignment-centered service-box-dark spacing-30\"><a href=\"https:\/\/gerqinagroup.com\/index.php\/produktet\/#1692820838277-b7b56a81-b5e0\"><div class=\"image-container\"><div class=\"vertical-number-box\"><span class=\"vertical-number\">03<\/span><\/div><div class=\"arrow-box\"><span class=\"icon-arrow-right\"><\/span><\/div><img decoding=\"async\" src=\"https:\/\/gerqinagroup.com\/wp-content\/uploads\/2023\/08\/dyer.png\" alt=\"DYER\"><\/div><div class=\"content-box-info\"><h4 class=\"box-heading\">Doors<\/h4><\/div><\/a><\/div><\/div><\/div><\/div><\/div><div data-vc-full-width=\"true\" data-vc-full-width-init=\"false\" class=\"vc_row wpb_row vc_row-fluid vc_custom_1693173100048 vc_row-o-equal-height vc_row-o-content-middle vc_row-flex\"><div class=\"wpb_column vc_column_container vc_col-sm-8\"><div class=\"vc_column-inner\"><div class=\"wpb_wrapper\">\n\t<div  class=\"wpb_single_image wpb_content_element vc_align_left  vc_custom_1720044390877\">\n\t\t\n\t\t<figure class=\"wpb_wrapper vc_figure\">\n\t\t\t<a href=\"https:\/\/gerqinagroup.com\/wp-content\/uploads\/2024\/07\/gerqina_staff_all.jpg\" target=\"_self\" class=\"vc_single_image-wrapper   vc_box_border_grey\"><img fetchpriority=\"high\" decoding=\"async\" width=\"1024\" height=\"683\" src=\"https:\/\/gerqinagroup.com\/wp-content\/uploads\/2024\/07\/gerqina_staff_all.jpg\" class=\"vc_single_image-img attachment-full\" alt=\"\" title=\"gerqina_staff_all\" srcset=\"https:\/\/gerqinagroup.com\/wp-content\/uploads\/2024\/07\/gerqina_staff_all.jpg 1024w, https:\/\/gerqinagroup.com\/wp-content\/uploads\/2024\/07\/gerqina_staff_all-768x512.jpg 768w, https:\/\/gerqinagroup.com\/wp-content\/uploads\/2024\/07\/gerqina_staff_all-18x12.jpg 18w, https:\/\/gerqinagroup.com\/wp-content\/uploads\/2024\/07\/gerqina_staff_all-360x240.jpg 360w, https:\/\/gerqinagroup.com\/wp-content\/uploads\/2024\/07\/gerqina_staff_all-420x280.jpg 420w, https:\/\/gerqinagroup.com\/wp-content\/uploads\/2024\/07\/gerqina_staff_all-480x320.jpg 480w, https:\/\/gerqinagroup.com\/wp-content\/uploads\/2024\/07\/gerqina_staff_all-600x400.jpg 600w, https:\/\/gerqinagroup.com\/wp-content\/uploads\/2024\/07\/gerqina_staff_all-780x520.jpg 780w\" sizes=\"(max-width: 1024px) 100vw, 1024px\" \/><\/a>\n\t\t<\/figure>\n\t<\/div>\n<\/div><\/div><\/div><div class=\"wpb_column vc_column_container vc_col-sm-4\"><div class=\"vc_column-inner\"><div class=\"wpb_wrapper\"><div class=\"vc_row wpb_row vc_inner vc_row-fluid overlap-left\"><div class=\"shadow-box wpb_column vc_column_container vc_col-sm-12\"><div class=\"vc_column-inner\"><div class=\"wpb_wrapper\"><span class=\"subtitle dash-false style-dark text-default\">What is special<\/span>\n\t<div class=\"wpb_text_column wpb_content_element  vc_custom_1691611104233\" >\n\t\t<div class=\"wpb_wrapper\">\n\t\t\t<h2>About our company<\/h2>\n\n\t\t<\/div>\n\t<\/div>\n<div class=\"dash style-dark default\"><\/div>\n\t<div class=\"wpb_text_column wpb_content_element\" >\n\t\t<div class=\"wpb_wrapper\">\n\t\t\t<p>Choosing ceramic tiles, laminate, doors and sanitary materials should be an easy, pleasant and affordable experience for everyone who wants to bring comfort to their personal space.<br \/>\nMe mbi 15 vite p\u00ebrvoj\u00eb n\u00eb tregun e Kosov\u00ebs, tani kemi nj\u00eb q\u00ebllim: Q\u00eb t&#8217;ju ofrojm\u00eb nj\u00eb p\u00ebrvoj\u00eb t\u00eb till\u00eb duke ju p\u00ebrshtatur k\u00ebrkesave tuaja, dhe duke tejkaluar t\u00eb gjitha pritshm\u00ebrit\u00eb. Ju Flisni, Ne D\u00ebgjojm\u00eb &#8230; Ne ju ofrojm\u00eb Zgjidhje.<\/p>\n\n\t\t<\/div>\n\t<\/div>\n<a href=\"https:\/\/gerqinagroup.com\/en\/per-ne\/\" class=\"btn btn-primary arrow-right\"><span>More<\/span><\/a><\/div><\/div><\/div><\/div><\/div><\/div><\/div><\/div><div class=\"vc_row-full-width vc_clearfix\"><\/div><div data-vc-full-width=\"true\" data-vc-full-width-init=\"false\" class=\"vc_row wpb_row vc_row-fluid vc_custom_1693173129279 vc_row-has-fill\"><div class=\"wpb_column vc_column_container vc_col-sm-12\"><div class=\"vc_column-inner\"><div class=\"wpb_wrapper\"><span class=\"subtitle dash-false style-light text-center\">G\u00cbRQINA GROUP<\/span>\n\t<div class=\"wpb_text_column wpb_content_element\" >\n\t\t<div class=\"wpb_wrapper\">\n\t\t\t<h2 style=\"text-align: center;\"><span style=\"color: #ffffff;\">Amazing team with international recognition<\/span><\/h2>\n\n\t\t<\/div>\n\t<\/div>\n<div class=\"dash style-light centered\"><\/div><div class=\"vc_row wpb_row vc_inner vc_row-fluid\"><div class=\"wpb_column vc_column_container vc_col-sm-3\"><div class=\"vc_column-inner\"><div class=\"wpb_wrapper\"><div class=\"team-member light\"><div class=\"content-box\"><div class=\"image-container\"><div class=\"member-details\"><hr><span class=\"member-info\">Lul Mahmutaj<\/span><hr><\/div><div class=\"side-overlay\"><\/div><div class=\"vertical-number-box\"><span class=\"vertical-number\">CEO<\/span><\/div><img decoding=\"async\" src=\"https:\/\/gerqinagroup.com\/wp-content\/uploads\/2024\/07\/636A3853_Final_A.png\" alt=\"Lulzim Mahmutaj\"><\/div><div class=\"content-box-info\"><h4>Lulzim Mahmutaj<\/h4><\/div><\/div><\/div><\/div><\/div><\/div><div class=\"wpb_column vc_column_container vc_col-sm-3\"><div class=\"vc_column-inner\"><div class=\"wpb_wrapper\"><div class=\"team-member light\"><div class=\"content-box\"><div class=\"image-container\"><div class=\"member-details\"><hr><span class=\"member-info\">Shkelqim Mahmutaj<\/span><hr><\/div><div class=\"side-overlay\"><\/div><div class=\"vertical-number-box\"><span class=\"vertical-number\">Partner biznesi<\/span><\/div><img decoding=\"async\" src=\"https:\/\/gerqinagroup.com\/wp-content\/uploads\/2024\/07\/pixelcut-export-35.jpg\" alt=\"Shkelqim Mahmutaj\"><\/div><div class=\"content-box-info\"><h4>Shkelqim Mahmutaj<\/h4><\/div><\/div><\/div><\/div><\/div><\/div><div class=\"wpb_column vc_column_container vc_col-sm-3\"><div class=\"vc_column-inner\"><div class=\"wpb_wrapper\"><div class=\"team-member light\"><div class=\"content-box\"><div class=\"image-container\"><div class=\"member-details\"><hr><span class=\"member-info\">Qendrim Mahmutaj<\/span><hr><\/div><div class=\"side-overlay\"><\/div><div class=\"vertical-number-box\"><span class=\"vertical-number\">Partner biznesi<\/span><\/div><img decoding=\"async\" src=\"https:\/\/gerqinagroup.com\/wp-content\/uploads\/2024\/07\/qendrim.jpg\" alt=\"Qendrim Mahmutaj\"><\/div><div class=\"content-box-info\"><h4>Qendrim Mahmutaj<\/h4><\/div><\/div><\/div><\/div><\/div><\/div><div class=\"wpb_column vc_column_container vc_col-sm-3\"><div class=\"vc_column-inner\"><div class=\"wpb_wrapper\"><div class=\"team-member light\"><div class=\"content-box\"><div class=\"image-container\"><div class=\"member-details\"><hr><span class=\"member-info\">Besim Mahmutaj<\/span><hr><\/div><div class=\"side-overlay\"><\/div><div class=\"vertical-number-box\"><span class=\"vertical-number\">Specialist i shitjeve<\/span><\/div><img decoding=\"async\" src=\"https:\/\/gerqinagroup.com\/wp-content\/uploads\/2024\/07\/besim.jpg\" alt=\"Besim Mahmutaj\"><\/div><div class=\"content-box-info\"><h4>Besim Mahmutaj<\/h4><\/div><\/div><\/div><\/div><\/div><\/div><\/div><\/div><\/div><\/div><\/div><div class=\"vc_row-full-width vc_clearfix\"><\/div>\n<\/section>","protected":false},"excerpt":{"rendered":"Garanci ekskluzive 10 vjet tek neZgjidhje t\u00eb vler\u00ebsuara me \u00e7mimeProjektet e brendshme t\u00eb nivelit t\u00eb lart\u00ebMerrni nj\u00eb vler\u00ebsim personal01LLAMINAT01PLLAKAT02SANITARI03DYER \u00c7far\u00eb \u00ebsht\u00eb e ve\u00e7ant\u00eb Rreth kompanis\u00eb son\u00eb Zgjedhja e pllakave t\u00eb qeramik\u00ebs, laminatit, dyerve dhe materialeve hidrosanitare duhet t\u00eb jet\u00eb nj\u00eb p\u00ebrvoj\u00eb e leht\u00eb, e k\u00ebndshme dhe e p\u00ebrballueshme p\u00ebr t\u00eb gjith\u00eb ata q\u00eb d\u00ebshirojn\u00eb t\u00eb [...]","protected":false},"author":1,"featured_media":0,"parent":0,"menu_order":0,"comment_status":"closed","ping_status":"closed","template":"page-slider.php","meta":{"footnotes":""},"class_list":["post-8537","page","type-page","status-publish","hentry"],"acf":[],"_links":{"self":[{"href":"https:\/\/gerqinagroup.com\/en\/wp-json\/wp\/v2\/pages\/8537","targetHints":{"allow":["GET"]}}],"collection":[{"href":"https:\/\/gerqinagroup.com\/en\/wp-json\/wp\/v2\/pages"}],"about":[{"href":"https:\/\/gerqinagroup.com\/en\/wp-json\/wp\/v2\/types\/page"}],"author":[{"embeddable":true,"href":"https:\/\/gerqinagroup.com\/en\/wp-json\/wp\/v2\/users\/1"}],"replies":[{"embeddable":true,"href":"https:\/\/gerqinagroup.com\/en\/wp-json\/wp\/v2\/comments?post=8537"}],"version-history":[{"count":183,"href":"https:\/\/gerqinagroup.com\/en\/wp-json\/wp\/v2\/pages\/8537\/revisions"}],"predecessor-version":[{"id":15766,"href":"https:\/\/gerqinagroup.com\/en\/wp-json\/wp\/v2\/pages\/8537\/revisions\/15766"}],"wp:attachment":[{"href":"https:\/\/gerqinagroup.com\/en\/wp-json\/wp\/v2\/media?parent=8537"}],"curies":[{"name":"wp","href":"https:\/\/api.w.org\/{rel}","templated":true}]}}