{"id":61,"date":"2016-07-28T10:53:14","date_gmt":"2016-07-28T10:53:14","guid":{"rendered":"http:\/\/themicart.com\/interico-wp\/?page_id=61"},"modified":"2024-07-05T09:45:17","modified_gmt":"2024-07-05T09:45:17","slug":"ekipi-yne","status":"publish","type":"page","link":"https:\/\/gerqinagroup.com\/en\/ekipi-yne\/","title":{"rendered":"Ekipi yn\u00eb"},"content":{"rendered":"<section class=\"wpb-content-wrapper\"><div data-vc-full-width=\"true\" data-vc-full-width-init=\"false\" class=\"vc_row wpb_row vc_row-fluid spaced-top vc_custom_1537429874768 vc_row-has-fill\"><div class=\"wpb_column vc_column_container vc_col-sm-12\"><div class=\"vc_column-inner\"><div class=\"wpb_wrapper\">\n\t<div class=\"wpb_text_column wpb_content_element\" >\n\t\t<div class=\"wpb_wrapper\">\n\t\t\t<h2 style=\"text-align: center;\">Ne e duam dizajnin, k\u00ebshtu arrit\u00ebm k\u00ebtu.<\/h2>\n\n\t\t<\/div>\n\t<\/div>\n<div class=\"dash style-dark centered\"><\/div>\n\t<div class=\"wpb_text_column wpb_content_element\" >\n\t\t<div class=\"wpb_wrapper\">\n\t\t\t<p style=\"text-align: center;\">N\u00eb zem\u00ebr t\u00eb kompanis\u00eb son\u00eb q\u00ebndron nj\u00eb ekip i p\u00ebrkushtuar dhe profesional, i cili \u00ebsht\u00eb i dedikuar p\u00ebr t\u00eb ofruar zgjidhjet m\u00eb t\u00eb mira p\u00ebr pllakave, pajisjeve sanitare dhe dyshemeve laminat. Me nj\u00eb p\u00ebrvoj\u00eb t\u00eb pasur dhe nj\u00eb pasion p\u00ebr cil\u00ebsin\u00eb dhe inovacionin, ekipi yn\u00eb \u00ebsht\u00eb k\u00ebtu p\u00ebr t&#8217;ju ndihmuar t\u00eb transformoni hap\u00ebsirat tuaja n\u00eb vendet e \u00ebndrrave tuaja.<\/p>\n\n\t\t<\/div>\n\t<\/div>\n<\/div><\/div><\/div><\/div><div class=\"vc_row-full-width vc_clearfix\"><\/div><div data-vc-full-width=\"true\" data-vc-full-width-init=\"false\" class=\"vc_row wpb_row vc_row-fluid vc_custom_1537429800068 vc_row-has-fill vc_column-gap-15\"><div class=\"wpb_column vc_column_container vc_col-sm-3\"><div class=\"vc_column-inner\"><div class=\"wpb_wrapper\"><div class=\"team-member light\"><div class=\"content-box\"><div class=\"image-container\"><div class=\"member-details\"><hr><span class=\"member-info\">Lul Mahmutaj<\/span><hr><\/div><div class=\"side-overlay\"><\/div><div class=\"vertical-number-box\"><span class=\"vertical-number\">Ceo<\/span><\/div><img decoding=\"async\" src=\"https:\/\/gerqinagroup.com\/wp-content\/uploads\/2024\/07\/636A3853_Final_A.png\" alt=\"Lulzim Mahmutaj\"><\/div><div class=\"content-box-info\"><h4>Lulzim Mahmutaj<\/h4><\/div><\/div><\/div><\/div><\/div><\/div><div class=\"wpb_column vc_column_container vc_col-sm-3\"><div class=\"vc_column-inner\"><div class=\"wpb_wrapper\"><div class=\"team-member light\"><div class=\"content-box\"><div class=\"image-container\"><div class=\"member-details\"><hr><span class=\"member-info\">Lorem ipsum dolor sit amet, consectetuer adipiscing elit. Phasellus hendrerit.<\/span><hr><\/div><div class=\"side-overlay\"><\/div><div class=\"vertical-number-box\"><span class=\"vertical-number\">Partner Biznesi<\/span><\/div><img decoding=\"async\" src=\"https:\/\/gerqinagroup.com\/wp-content\/uploads\/2024\/07\/pixelcut-export-35.jpg\" alt=\"Shkelqim Mahmutaj\"><\/div><div class=\"content-box-info\"><h4>Shkelqim Mahmutaj<\/h4><\/div><\/div><\/div><\/div><\/div><\/div><div class=\"wpb_column vc_column_container vc_col-sm-3\"><div class=\"vc_column-inner\"><div class=\"wpb_wrapper\"><div class=\"team-member light\"><div class=\"content-box\"><div class=\"image-container\"><div class=\"member-details\"><hr><span class=\"member-info\">Lorem ipsum dolor sit amet, consectetuer adipiscing elit. Phasellus hendrerit.<\/span><hr><\/div><div class=\"side-overlay\"><\/div><div class=\"vertical-number-box\"><span class=\"vertical-number\">Partner Biznesi<\/span><\/div><img decoding=\"async\" src=\"https:\/\/gerqinagroup.com\/wp-content\/uploads\/2024\/07\/qendrim.jpg\" alt=\"Qendrim Mahmutaj\"><\/div><div class=\"content-box-info\"><h4>Qendrim Mahmutaj<\/h4><\/div><\/div><\/div><\/div><\/div><\/div><div class=\"wpb_column vc_column_container vc_col-sm-3\"><div class=\"vc_column-inner\"><div class=\"wpb_wrapper\"><div class=\"team-member light\"><div class=\"content-box\"><div class=\"image-container\"><div class=\"member-details\"><hr><span class=\"member-info\">Lorem ipsum dolor sit amet, consectetuer adipiscing elit. Phasellus hendrerit.<\/span><hr><\/div><div class=\"side-overlay\"><\/div><div class=\"vertical-number-box\"><span class=\"vertical-number\">Specialist i shitjeve<\/span><\/div><img decoding=\"async\" src=\"https:\/\/gerqinagroup.com\/wp-content\/uploads\/2024\/07\/besim.jpg\" alt=\"Besim Mahmutaj\"><\/div><div class=\"content-box-info\"><h4>Besim Mahmutaj<\/h4><\/div><\/div><\/div><\/div><\/div><\/div><\/div><div class=\"vc_row-full-width vc_clearfix\"><\/div><div data-vc-full-width=\"true\" data-vc-full-width-init=\"false\" class=\"vc_row wpb_row vc_row-fluid vc_custom_1536842411304 vc_row-has-fill vc_column-gap-15\"><div class=\"wpb_column vc_column_container vc_col-sm-4\"><div class=\"vc_column-inner\"><div class=\"wpb_wrapper\"><div class=\"team-member light\"><div class=\"content-box\"><div class=\"image-container\"><div class=\"member-details\"><hr><span class=\"member-info\">Gerqina Group<\/span><hr><\/div><div class=\"side-overlay\"><\/div><div class=\"vertical-number-box\"><span class=\"vertical-number\">Gerqina Staf<\/span><\/div><img decoding=\"async\" src=\"https:\/\/gerqinagroup.com\/wp-content\/uploads\/2024\/07\/pixelcut-export-1.png\" alt=\"Gerqina Staf\"><\/div><div class=\"content-box-info\"><h4>Gerqina Staf<\/h4><\/div><\/div><\/div><\/div><\/div><\/div><div class=\"wpb_column vc_column_container vc_col-sm-4\"><div class=\"vc_column-inner\"><div class=\"wpb_wrapper\"><div class=\"team-member light\"><div class=\"content-box\"><div class=\"image-container\"><div class=\"member-details\"><hr><span class=\"member-info\">Gerqina Group<\/span><hr><\/div><div class=\"side-overlay\"><\/div><div class=\"vertical-number-box\"><span class=\"vertical-number\">Gerqina Staf<\/span><\/div><img decoding=\"async\" src=\"https:\/\/gerqinagroup.com\/wp-content\/uploads\/2024\/07\/pixelcut-export-39.jpg\" alt=\"Gerqina Staf\"><\/div><div class=\"content-box-info\"><h4>Gerqina Staf<\/h4><\/div><\/div><\/div><\/div><\/div><\/div><div class=\"wpb_column vc_column_container vc_col-sm-4\"><div class=\"vc_column-inner\"><div class=\"wpb_wrapper\"><div class=\"team-member light\"><div class=\"content-box\"><div class=\"image-container\"><div class=\"member-details\"><hr><span class=\"member-info\">Gerqina Group<\/span><hr><\/div><div class=\"side-overlay\"><\/div><div class=\"vertical-number-box\"><span class=\"vertical-number\">Gerqina Staf<\/span><\/div><img decoding=\"async\" src=\"https:\/\/gerqinagroup.com\/wp-content\/uploads\/2024\/07\/pixelcut-export-40.jpg\" alt=\"Gerqina Staf\"><\/div><div class=\"content-box-info\"><h4>Gerqina Staf<\/h4><\/div><\/div><\/div><\/div><\/div><\/div><\/div><div class=\"vc_row-full-width vc_clearfix\"><\/div><div class=\"vc_row wpb_row vc_row-fluid spaced\"><div class=\"wpb_column vc_column_container vc_col-sm-6\"><div class=\"vc_column-inner\"><div class=\"wpb_wrapper\">\n\t<div  class=\"wpb_single_image wpb_content_element vc_align_left  vc_custom_1720048046062\">\n\t\t\n\t\t<figure class=\"wpb_wrapper vc_figure\">\n\t\t\t<a href=\"https:\/\/gerqinagroup.com\/wp-content\/uploads\/2024\/07\/gerqina_staff_all.jpg\" target=\"_self\" class=\"vc_single_image-wrapper   vc_box_border_grey\"><img fetchpriority=\"high\" decoding=\"async\" width=\"1024\" height=\"683\" src=\"https:\/\/gerqinagroup.com\/wp-content\/uploads\/2024\/07\/gerqina_staff_all.jpg\" class=\"vc_single_image-img attachment-full\" alt=\"\" title=\"gerqina_staff_all\" srcset=\"https:\/\/gerqinagroup.com\/wp-content\/uploads\/2024\/07\/gerqina_staff_all.jpg 1024w, https:\/\/gerqinagroup.com\/wp-content\/uploads\/2024\/07\/gerqina_staff_all-768x512.jpg 768w, https:\/\/gerqinagroup.com\/wp-content\/uploads\/2024\/07\/gerqina_staff_all-18x12.jpg 18w, https:\/\/gerqinagroup.com\/wp-content\/uploads\/2024\/07\/gerqina_staff_all-360x240.jpg 360w, https:\/\/gerqinagroup.com\/wp-content\/uploads\/2024\/07\/gerqina_staff_all-420x280.jpg 420w, https:\/\/gerqinagroup.com\/wp-content\/uploads\/2024\/07\/gerqina_staff_all-480x320.jpg 480w, https:\/\/gerqinagroup.com\/wp-content\/uploads\/2024\/07\/gerqina_staff_all-600x400.jpg 600w, https:\/\/gerqinagroup.com\/wp-content\/uploads\/2024\/07\/gerqina_staff_all-780x520.jpg 780w\" sizes=\"(max-width: 1024px) 100vw, 1024px\" \/><\/a>\n\t\t<\/figure>\n\t<\/div>\n<\/div><\/div><\/div><div class=\"wpb_column vc_column_container vc_col-sm-6\"><div class=\"vc_column-inner\"><div class=\"wpb_wrapper\"><div class=\"vc_row wpb_row vc_inner vc_row-fluid vc_custom_1535098814269\"><div class=\"shadow-box wpb_column vc_column_container vc_col-sm-12\"><div class=\"vc_column-inner\"><div class=\"wpb_wrapper\"><span class=\"subtitle dash-false style-dark text-default\">About us<\/span>\n\t<div class=\"wpb_text_column wpb_content_element\" >\n\t\t<div class=\"wpb_wrapper\">\n\t\t\t<h2>P\u00ebrkushtim ndaj Cil\u00ebsis\u00eb dhe Inovacionit<\/h2>\n\n\t\t<\/div>\n\t<\/div>\n<div class=\"dash style-dark default\"><\/div>\n\t<div class=\"wpb_text_column wpb_content_element\" >\n\t\t<div class=\"wpb_wrapper\">\n\t\t\t<p>Me nj\u00eb vizion p\u00ebr t\u00eb qen\u00eb lider n\u00eb treg dhe nj\u00eb mision p\u00ebr t\u00eb p\u00ebrmir\u00ebsuar cil\u00ebsin\u00eb e jet\u00ebs s\u00eb klient\u00ebve tan\u00eb, ne kemi arritur suksese t\u00eb shumta dhe kemi fituar besimin dhe respektin e tyre.<\/p>\n\n\t\t<\/div>\n\t<\/div>\n\n\t<div class=\"wpb_text_column wpb_content_element\" >\n\t\t<div class=\"wpb_wrapper\">\n\t\t\t<ul class=\"nav nav-tabs style-accent light\" id=\"custom-tabs-57\"><li class=\"active\"><a href=\"#custom-tab-0-Misioni\"  data-toggle=\"tab\">Misioni<\/a><\/li><li><a href=\"#custom-tab-0-Vizioni\"  data-toggle=\"tab\">Vizioni<\/a><\/li><li><a href=\"#custom-tab-0-Suksesi\"  data-toggle=\"tab\">Suksesi<\/a><\/li><\/ul><div class=\"tab-content style-accent\"><div id=\"custom-tab-0-Misioni\" class=\"tab-pane animated fadeIn active\"> T\u00eb ofrojm\u00eb produkte cil\u00ebsore dhe zgjidhje inovative n\u00eb fush\u00ebn e pllakave, pajisjeve sanitare dhe dyshemeve laminat, duke i b\u00ebr\u00eb hap\u00ebsirat tuaja m\u00eb t\u00eb bukura dhe funksionale.\n<p><\/p><\/div><div id=\"custom-tab-0-Vizioni\" class=\"tab-pane animated fadeIn\">T\u00eb jemi lider\u00eb n\u00eb tregun e nd\u00ebrtimit dhe dekorimit t\u00eb brendsh\u00ebm, duke sjell\u00eb m\u00eb t\u00eb mir\u00ebn e materialeve dhe sh\u00ebrbimeve p\u00ebr klient\u00ebt tan\u00eb, dhe duke kontribuar n\u00eb p\u00ebrmir\u00ebsimin e cil\u00ebsis\u00eb s\u00eb jet\u00ebs s\u00eb tyre.\n<p><\/p><\/div><div id=\"custom-tab-0-Suksesi\" class=\"tab-pane animated fadeIn\">Me nj\u00eb ekip t\u00eb p\u00ebrkushtuar dhe profesional, kemi realizuar projekte t\u00eb shumta t\u00eb suksesshme dhe kemi fituar besimin dhe respektin e klient\u00ebve tan\u00eb.<br \/>\nNe jemi krenar\u00eb p\u00ebr partneritetet tona t\u00eb forta dhe p\u00ebrkushtimin ton\u00eb ndaj cil\u00ebsis\u00eb dhe sh\u00ebrbimit ndaj klientit.\n<p><\/p><\/div><\/div>\n\n\t\t<\/div>\n\t<\/div>\n<\/div><\/div><\/div><\/div><\/div><\/div><\/div><\/div>\n<\/section>","protected":false},"excerpt":{"rendered":"Ne e duam dizajnin, k\u00ebshtu arrit\u00ebm k\u00ebtu. N\u00eb zem\u00ebr t\u00eb kompanis\u00eb son\u00eb q\u00ebndron nj\u00eb ekip i p\u00ebrkushtuar dhe profesional, i cili \u00ebsht\u00eb i dedikuar p\u00ebr t\u00eb ofruar zgjidhjet m\u00eb t\u00eb mira p\u00ebr pllakave, pajisjeve sanitare dhe dyshemeve laminat. Me nj\u00eb p\u00ebrvoj\u00eb t\u00eb pasur dhe nj\u00eb pasion p\u00ebr cil\u00ebsin\u00eb dhe inovacionin, ekipi yn\u00eb \u00ebsht\u00eb k\u00ebtu p\u00ebr [...]","protected":false},"author":1,"featured_media":0,"parent":0,"menu_order":0,"comment_status":"closed","ping_status":"closed","template":"","meta":{"footnotes":""},"class_list":["post-61","page","type-page","status-publish","hentry"],"acf":[],"_links":{"self":[{"href":"https:\/\/gerqinagroup.com\/en\/wp-json\/wp\/v2\/pages\/61","targetHints":{"allow":["GET"]}}],"collection":[{"href":"https:\/\/gerqinagroup.com\/en\/wp-json\/wp\/v2\/pages"}],"about":[{"href":"https:\/\/gerqinagroup.com\/en\/wp-json\/wp\/v2\/types\/page"}],"author":[{"embeddable":true,"href":"https:\/\/gerqinagroup.com\/en\/wp-json\/wp\/v2\/users\/1"}],"replies":[{"embeddable":true,"href":"https:\/\/gerqinagroup.com\/en\/wp-json\/wp\/v2\/comments?post=61"}],"version-history":[{"count":10,"href":"https:\/\/gerqinagroup.com\/en\/wp-json\/wp\/v2\/pages\/61\/revisions"}],"predecessor-version":[{"id":15559,"href":"https:\/\/gerqinagroup.com\/en\/wp-json\/wp\/v2\/pages\/61\/revisions\/15559"}],"wp:attachment":[{"href":"https:\/\/gerqinagroup.com\/en\/wp-json\/wp\/v2\/media?parent=61"}],"curies":[{"name":"wp","href":"https:\/\/api.w.org\/{rel}","templated":true}]}}