{"id":28,"date":"2016-07-28T10:48:05","date_gmt":"2016-07-28T10:48:05","guid":{"rendered":"http:\/\/themicart.com\/interico-wp\/?page_id=28"},"modified":"2024-07-03T23:21:44","modified_gmt":"2024-07-03T23:21:44","slug":"kontakt","status":"publish","type":"page","link":"https:\/\/gerqinagroup.com\/en\/kontakt\/","title":{"rendered":"Contact us"},"content":{"rendered":"<section class=\"wpb-content-wrapper\"><div data-vc-full-width=\"true\" data-vc-full-width-init=\"false\" class=\"vc_row wpb_row vc_row-fluid vc_custom_1536576400866 vc_row-has-fill\"><div class=\"wpb_column vc_column_container vc_col-sm-4\"><div class=\"vc_column-inner\"><div class=\"wpb_wrapper\"><div class=\"feature-box icon-top-centered box-hovered spacing-30 spacing-mob-30\"><span class=\"lnr lnr-phone\"><\/span><div class=\"content-wrapper\"><h3 class=\"feature-title\">+383 (44) 801-871<\/h3><p class=\"feature-text\">Call us anytime between 08:00 and 18:00 Monday - Friday<\/p><\/div><\/div><\/div><\/div><\/div><div class=\"wpb_column vc_column_container vc_col-sm-4\"><div class=\"vc_column-inner\"><div class=\"wpb_wrapper\"><div class=\"feature-box icon-top-centered box-hovered spacing-30 spacing-mob-30\"><span class=\"lnr lnr-envelope\"><\/span><div class=\"content-wrapper\"><h3 class=\"feature-title\">info@gerqinagroup.com<\/h3><p class=\"feature-text\">Email us anytime, we respond within 24 hours.<\/p><\/div><\/div><\/div><\/div><\/div><div class=\"wpb_column vc_column_container vc_col-sm-4\"><div class=\"vc_column-inner\"><div class=\"wpb_wrapper\"><div class=\"feature-box icon-top-centered box-hovered spacing-30 spacing-mob-30\"><span class=\"lnr lnr-home\"><\/span><div class=\"content-wrapper\"><h3 class=\"feature-title\">Street Sk\u00ebnderbeu P.N - Gjakov\u00eb - Prizeren highway<\/h3><p class=\"feature-text\">Would you like to visit us?<\/p><\/div><\/div><\/div><\/div><\/div><\/div><div class=\"vc_row-full-width vc_clearfix\"><\/div><div class=\"vc_row wpb_row vc_row-fluid vc_custom_1534163990014 vc_column-gap-30\"><div class=\"wpb_column vc_column_container vc_col-sm-12\"><div class=\"vc_column-inner\"><div class=\"wpb_wrapper\"><span class=\"subtitle dash-true style-dark text-default\">Fill out the form<\/span>\n\t<div class=\"wpb_text_column wpb_content_element  wpb_animate_when_almost_visible wpb_fadeIn fadeIn vc_custom_1691607749636\" >\n\t\t<div class=\"wpb_wrapper\">\n\t\t\t<h2>Let's discuss your project<\/h2>\n\n\t\t<\/div>\n\t<\/div>\n<div class=\"vc_row wpb_row vc_inner vc_row-fluid vc_custom_1535104842056 vc_column-gap-30 vc_row-o-equal-height vc_row-flex\"><div class=\"shadow-box wpb_column vc_column_container vc_col-sm-6\"><div class=\"vc_column-inner\"><div class=\"wpb_wrapper\">\n<div class=\"wpcf7 no-js\" id=\"wpcf7-f6793-o1\" lang=\"en-US\" dir=\"ltr\">\n<div class=\"screen-reader-response\"><p role=\"status\" aria-live=\"polite\" aria-atomic=\"true\"><\/p> <ul><\/ul><\/div>\n<form action=\"\/en\/wp-json\/wp\/v2\/pages\/28#wpcf7-f6793-o1\" method=\"post\" class=\"wpcf7-form init\" aria-label=\"Contact form\" novalidate=\"novalidate\" data-status=\"init\" data-trp-original-action=\"\/en\/wp-json\/wp\/v2\/pages\/28#wpcf7-f6793-o1\">\n<div style=\"display: none;\">\n<input type=\"hidden\" name=\"_wpcf7\" value=\"6793\" \/>\n<input type=\"hidden\" name=\"_wpcf7_version\" value=\"5.8\" \/>\n<input type=\"hidden\" name=\"_wpcf7_locale\" value=\"en_US\" \/>\n<input type=\"hidden\" name=\"_wpcf7_unit_tag\" value=\"wpcf7-f6793-o1\" \/>\n<input type=\"hidden\" name=\"_wpcf7_container_post\" value=\"0\" \/>\n<input type=\"hidden\" name=\"_wpcf7_posted_data_hash\" value=\"\" \/>\n<\/div>\n<p><span class=\"wpcf7-form-control-wrap\" data-name=\"your-name\"><input size=\"40\" class=\"wpcf7-form-control wpcf7-text wpcf7-validates-as-required\" aria-required=\"true\" aria-invalid=\"false\" placeholder=\"Name\" value=\"\" type=\"text\" name=\"your-name\" \/><\/span>\n<\/p>\n<p><span class=\"wpcf7-form-control-wrap\" data-name=\"your-email\"><input size=\"40\" class=\"wpcf7-form-control wpcf7-email wpcf7-validates-as-required wpcf7-text wpcf7-validates-as-email\" aria-required=\"true\" aria-invalid=\"false\" placeholder=\"Email\" value=\"\" type=\"email\" name=\"your-email\" \/><\/span>\n<\/p>\n<p><span class=\"wpcf7-form-control-wrap\" data-name=\"your-subject\"><input size=\"40\" class=\"wpcf7-form-control wpcf7-text wpcf7-validates-as-required\" aria-required=\"true\" aria-invalid=\"false\" placeholder=\"Subject\" value=\"\" type=\"text\" name=\"your-subject\" \/><\/span>\n<\/p>\n<p><span class=\"wpcf7-form-control-wrap\" data-name=\"your-message\"><textarea cols=\"5\" rows=\"1\" class=\"wpcf7-form-control wpcf7-textarea wpcf7-validates-as-required\" aria-required=\"true\" aria-invalid=\"false\" placeholder=\"Hello, I am interested in...\" name=\"your-message\"><\/textarea><\/span>\n<\/p>\n<p><input class=\"wpcf7-form-control wpcf7-submit has-spinner\" type=\"submit\" value=\"Send\" \/>\n<\/p><div class=\"wpcf7-response-output\" aria-hidden=\"true\"><\/div>\n<input type=\"hidden\" name=\"trp-form-language\" value=\"en\"\/><\/form>\n<\/div>\n<\/div><\/div><\/div><div class=\"wpb_column vc_column_container vc_col-sm-6\"><div class=\"vc_column-inner\"><div class=\"wpb_wrapper\"><\/div><\/div><\/div><\/div><\/div><\/div><\/div><\/div>\n<\/section>","protected":false},"excerpt":{"rendered":"+383 (44) 801-871Na telefononi n\u00eb \u00e7do koh\u00eb nga ora 08:00 deri n\u00eb 18:00 H\u00ebn\u00eb -Premteinfo@gerqinagroup.comNa d\u00ebrgoni email n\u00eb \u00e7do koh\u00eb, ne p\u00ebrgjigjemi brenda 24 or\u00ebve.Rr. Sk\u00ebnderbeu P.N - Magjistrale Gjakov\u00eb - PrizerenD\u00ebshironi t\u00eb na vizitoni?Plot\u00ebsoni formularin Le t\u00eb diskutojm\u00eb p\u00ebr projektin tuaj","protected":false},"author":1,"featured_media":0,"parent":0,"menu_order":0,"comment_status":"closed","ping_status":"closed","template":"","meta":{"footnotes":""},"class_list":["post-28","page","type-page","status-publish","hentry"],"acf":[],"_links":{"self":[{"href":"https:\/\/gerqinagroup.com\/en\/wp-json\/wp\/v2\/pages\/28","targetHints":{"allow":["GET"]}}],"collection":[{"href":"https:\/\/gerqinagroup.com\/en\/wp-json\/wp\/v2\/pages"}],"about":[{"href":"https:\/\/gerqinagroup.com\/en\/wp-json\/wp\/v2\/types\/page"}],"author":[{"embeddable":true,"href":"https:\/\/gerqinagroup.com\/en\/wp-json\/wp\/v2\/users\/1"}],"replies":[{"embeddable":true,"href":"https:\/\/gerqinagroup.com\/en\/wp-json\/wp\/v2\/comments?post=28"}],"version-history":[{"count":8,"href":"https:\/\/gerqinagroup.com\/en\/wp-json\/wp\/v2\/pages\/28\/revisions"}],"predecessor-version":[{"id":15045,"href":"https:\/\/gerqinagroup.com\/en\/wp-json\/wp\/v2\/pages\/28\/revisions\/15045"}],"wp:attachment":[{"href":"https:\/\/gerqinagroup.com\/en\/wp-json\/wp\/v2\/media?parent=28"}],"curies":[{"name":"wp","href":"https:\/\/api.w.org\/{rel}","templated":true}]}}