{"id":13191,"date":"2018-10-03T06:44:29","date_gmt":"2018-10-03T06:44:29","guid":{"rendered":"https:\/\/themicart.com\/interico-wpb\/?page_id=13191"},"modified":"2024-07-06T05:25:26","modified_gmt":"2024-07-06T05:25:26","slug":"per-ne","status":"publish","type":"page","link":"https:\/\/gerqinagroup.com\/en\/per-ne\/","title":{"rendered":"About Us"},"content":{"rendered":"<section class=\"wpb-content-wrapper\"><div data-vc-full-width=\"true\" data-vc-full-width-init=\"false\" class=\"vc_row wpb_row vc_row-fluid vc_custom_1720243500031 vc_row-has-fill vc_column-gap-15\"><div class=\"wpb_column vc_column_container vc_col-sm-4\"><div class=\"vc_column-inner\"><div class=\"wpb_wrapper\">\n\t<div class=\"wpb_text_column wpb_content_element\" >\n\t\t<div class=\"wpb_wrapper\">\n\t\t\t<h2>We love the job, that's how we got here.<\/h2>\n\n\t\t<\/div>\n\t<\/div>\n<div class=\"dash style-dark default\"><\/div><\/div><\/div><\/div><div class=\"wpb_column vc_column_container vc_col-sm-4\"><div class=\"vc_column-inner\"><div class=\"wpb_wrapper\">\n\t<div class=\"wpb_text_column wpb_content_element\" >\n\t\t<div class=\"wpb_wrapper\">\n\t\t\t<p>Every door, every ceramic tile, every detail is a small stone in the mosaic of your constructions. For us, each stone is a different story, a reflection of your passion and visions. At A-Gerqina, we are here to help you create that mosaic of your dreams, providing you with the best materials and choices.<\/p>\n\n\t\t<\/div>\n\t<\/div>\n<\/div><\/div><\/div><div class=\"wpb_column vc_column_container vc_col-sm-4\"><div class=\"vc_column-inner\"><div class=\"wpb_wrapper\">\n\t<div class=\"wpb_text_column wpb_content_element\" >\n\t\t<div class=\"wpb_wrapper\">\n\t\t\t<p>P\u00ebr ne, ajo nuk \u00ebsht\u00eb vet\u00ebm p\u00ebrzgjedhja e nj\u00eb produkti; \u00ebsht\u00eb krijimi i nj\u00eb atmosfere, \u00ebsht\u00eb sjellja e nj\u00eb historie. N\u00ebp\u00ebrmjet mbi 20 viteve t\u00eb p\u00ebrvoj\u00ebs ton\u00eb n\u00eb tregun e Kosov\u00ebs, jemi gati t&#8217;ju p\u00ebrshtatemi \u00e7do k\u00ebrkese dhe t&#8217;ju krijojm\u00eb nj\u00eb p\u00ebrvoj\u00eb t\u00eb jasht\u00ebzakonshme. Ju flisni, ne d\u00ebgjojm\u00eb&#8230; dhe bashk\u00eb, ne krijojm\u00eb art.<\/p>\n\n\t\t<\/div>\n\t<\/div>\n<\/div><\/div><\/div><\/div><div class=\"vc_row-full-width vc_clearfix\"><\/div><div data-vc-full-width=\"true\" data-vc-full-width-init=\"false\" class=\"vc_row wpb_row vc_row-fluid vc_custom_1720243465289 vc_row-has-fill vc_column-gap-15\"><div class=\"wpb_column vc_column_container vc_col-sm-12\"><div class=\"vc_column-inner\"><div class=\"wpb_wrapper\"><div class=\"wpb_gallery wpb_content_element vc_clearfix\" ><div class=\"wpb_wrapper\"><div class=\"wpb_gallery_slides wpb_image_grid\" data-interval=\"3\"><ul class=\"wpb_image_grid_ul\"><li class=\"isotope-item\"><a class=\"\" href=\"\" data-lightbox=\"lightbox[rel-13191-2319223290]\"><\/a><\/li><li class=\"isotope-item\"><a class=\"\" href=\"\" data-lightbox=\"lightbox[rel-13191-2319223290]\"><\/a><\/li><li class=\"isotope-item\"><a class=\"\" href=\"\" data-lightbox=\"lightbox[rel-13191-2319223290]\"><\/a><\/li><\/ul><\/div><\/div><\/div><div class=\"wpb_gallery wpb_content_element vc_clearfix\" ><div class=\"wpb_wrapper\"><h2 class=\"wpb_heading wpb_gallery_heading\">Administrata<\/h2><div class=\"wpb_gallery_slides wpb_image_grid\" data-interval=\"3\"><ul class=\"wpb_image_grid_ul\"><li class=\"isotope-item\"><a class=\"\" href=\"\" data-lightbox=\"lightbox[rel-13191-1405017602]\"><\/a><\/li><li class=\"isotope-item\"><a class=\"\" href=\"https:\/\/gerqinagroup.com\/wp-content\/uploads\/2024\/07\/admin-1-1024x745.jpg\" data-lightbox=\"lightbox[rel-13191-1405017602]\"><img decoding=\"async\" width=\"150\" height=\"150\" src=\"https:\/\/gerqinagroup.com\/wp-content\/uploads\/2024\/07\/admin-1-150x150.jpg\" class=\"attachment-thumbnail\" alt=\"\" title=\"admin (1)\" srcset=\"https:\/\/gerqinagroup.com\/wp-content\/uploads\/2024\/07\/admin-1-150x150.jpg 150w, https:\/\/gerqinagroup.com\/wp-content\/uploads\/2024\/07\/admin-1-300x300.jpg 300w, https:\/\/gerqinagroup.com\/wp-content\/uploads\/2024\/07\/admin-1-72x72.jpg 72w, https:\/\/gerqinagroup.com\/wp-content\/uploads\/2024\/07\/admin-1-100x100.jpg 100w\" sizes=\"(max-width: 150px) 100vw, 150px\" \/><\/a><\/li><li class=\"isotope-item\"><a class=\"\" href=\"https:\/\/gerqinagroup.com\/wp-content\/uploads\/2024\/07\/admin-2-1024x683.jpg\" data-lightbox=\"lightbox[rel-13191-1405017602]\"><img decoding=\"async\" width=\"150\" height=\"150\" src=\"https:\/\/gerqinagroup.com\/wp-content\/uploads\/2024\/07\/admin-2-150x150.jpg\" class=\"attachment-thumbnail\" alt=\"\" title=\"admin (2)\" srcset=\"https:\/\/gerqinagroup.com\/wp-content\/uploads\/2024\/07\/admin-2-150x150.jpg 150w, https:\/\/gerqinagroup.com\/wp-content\/uploads\/2024\/07\/admin-2-300x300.jpg 300w, https:\/\/gerqinagroup.com\/wp-content\/uploads\/2024\/07\/admin-2-72x72.jpg 72w, https:\/\/gerqinagroup.com\/wp-content\/uploads\/2024\/07\/admin-2-100x100.jpg 100w\" sizes=\"(max-width: 150px) 100vw, 150px\" \/><\/a><\/li><li class=\"isotope-item\"><a class=\"\" href=\"https:\/\/gerqinagroup.com\/wp-content\/uploads\/2024\/07\/admin-3-1024x683.jpg\" data-lightbox=\"lightbox[rel-13191-1405017602]\"><img decoding=\"async\" width=\"150\" height=\"150\" src=\"https:\/\/gerqinagroup.com\/wp-content\/uploads\/2024\/07\/admin-3-150x150.jpg\" class=\"attachment-thumbnail\" alt=\"\" title=\"admin (3)\" srcset=\"https:\/\/gerqinagroup.com\/wp-content\/uploads\/2024\/07\/admin-3-150x150.jpg 150w, https:\/\/gerqinagroup.com\/wp-content\/uploads\/2024\/07\/admin-3-300x300.jpg 300w, https:\/\/gerqinagroup.com\/wp-content\/uploads\/2024\/07\/admin-3-72x72.jpg 72w, https:\/\/gerqinagroup.com\/wp-content\/uploads\/2024\/07\/admin-3-100x100.jpg 100w\" sizes=\"(max-width: 150px) 100vw, 150px\" \/><\/a><\/li><li class=\"isotope-item\"><a class=\"\" href=\"https:\/\/gerqinagroup.com\/wp-content\/uploads\/2024\/07\/admin-4-1024x683.jpg\" data-lightbox=\"lightbox[rel-13191-1405017602]\"><img loading=\"lazy\" decoding=\"async\" width=\"150\" height=\"150\" src=\"https:\/\/gerqinagroup.com\/wp-content\/uploads\/2024\/07\/admin-4-150x150.jpg\" class=\"attachment-thumbnail\" alt=\"\" title=\"admin (4)\" srcset=\"https:\/\/gerqinagroup.com\/wp-content\/uploads\/2024\/07\/admin-4-150x150.jpg 150w, https:\/\/gerqinagroup.com\/wp-content\/uploads\/2024\/07\/admin-4-300x300.jpg 300w, https:\/\/gerqinagroup.com\/wp-content\/uploads\/2024\/07\/admin-4-72x72.jpg 72w, https:\/\/gerqinagroup.com\/wp-content\/uploads\/2024\/07\/admin-4-100x100.jpg 100w\" sizes=\"(max-width: 150px) 100vw, 150px\" \/><\/a><\/li><li class=\"isotope-item\"><a class=\"\" href=\"https:\/\/gerqinagroup.com\/wp-content\/uploads\/2024\/07\/admin-5-1024x683.jpg\" data-lightbox=\"lightbox[rel-13191-1405017602]\"><img loading=\"lazy\" decoding=\"async\" width=\"150\" height=\"150\" src=\"https:\/\/gerqinagroup.com\/wp-content\/uploads\/2024\/07\/admin-5-150x150.jpg\" class=\"attachment-thumbnail\" alt=\"\" title=\"admin (5)\" srcset=\"https:\/\/gerqinagroup.com\/wp-content\/uploads\/2024\/07\/admin-5-150x150.jpg 150w, https:\/\/gerqinagroup.com\/wp-content\/uploads\/2024\/07\/admin-5-300x300.jpg 300w, https:\/\/gerqinagroup.com\/wp-content\/uploads\/2024\/07\/admin-5-72x72.jpg 72w, https:\/\/gerqinagroup.com\/wp-content\/uploads\/2024\/07\/admin-5-100x100.jpg 100w\" sizes=\"(max-width: 150px) 100vw, 150px\" \/><\/a><\/li><\/ul><\/div><\/div><\/div><\/div><\/div><\/div><\/div><div class=\"vc_row-full-width vc_clearfix\"><\/div><div class=\"vc_row wpb_row vc_row-fluid vc_custom_1538562127743 vc_row-o-content-middle vc_row-flex\"><div class=\"wpb_column vc_column_container vc_col-sm-5\"><div class=\"vc_column-inner\"><div class=\"wpb_wrapper\"><div class=\"vc_row wpb_row vc_inner vc_row-fluid overlap-right\"><div class=\"shadow-box wpb_column vc_column_container vc_col-sm-12\"><div class=\"vc_column-inner\"><div class=\"wpb_wrapper\"><span class=\"subtitle dash-false style-dark text-default\">Welcome to<\/span>\n\t<div class=\"wpb_text_column wpb_content_element\" >\n\t\t<div class=\"wpb_wrapper\">\n\t\t\t<h2>SHOWROOM-in ton\u00eb<\/h2>\n\n\t\t<\/div>\n\t<\/div>\n<div class=\"dash style-dark default\"><\/div>\n\t<div class=\"wpb_text_column wpb_content_element\" >\n\t\t<div class=\"wpb_wrapper\">\n\t\t\t<p>\u201cOur showroom is a great place where look and feel are at the center of attention. A visit to us is a journey into the world of design and quality. We have tried to create a warm and inspiring environment, where every tile and detail has been selected with passion and care. You are welcome to visit us to find inspiration for your projects and make the best choices for your home.\"<\/p>\n\n\t\t<\/div>\n\t<\/div>\n<\/div><\/div><\/div><\/div><\/div><\/div><\/div><div class=\"wpb_column vc_column_container vc_col-sm-7\"><div class=\"vc_column-inner\"><div class=\"wpb_wrapper\">\r\n    \n\t<div class=\"wpb_text_column wpb_content_element\" >\n\t\t<div class=\"wpb_wrapper\">\n\t\t\t<div class=\"wp-block-panorama-image-3d\" id='bBlocksImage3DViewer-1' data-attributes='{&quot;imageUrl&quot;:&quot;https:\\\/\\\/gerqinagroup.com\\\/wp-content\\\/uploads\\\/2024\\\/07\\\/New-Panorama3-Final-scaled.jpg&quot;,&quot;options&quot;:{&quot;autoRotate&quot;:true,&quot;autoRotateSpeed&quot;:&quot;1&quot;,&quot;autoRotateInactivityDelay&quot;:3000,&quot;hideDefaultCtrl&quot;:false,&quot;initialView&quot;:false,&quot;initialPosition&quot;:{&quot;x&quot;:0,&quot;y&quot;:0,&quot;z&quot;:0},&quot;isDeviceMotion&quot;:false},&quot;layout&quot;:{&quot;alignSl&quot;:{&quot;desktop&quot;:&quot;center&quot;,&quot;tablet&quot;:&quot;center&quot;,&quot;mobile&quot;:&quot;center&quot;},&quot;width&quot;:{&quot;desktop&quot;:&quot;100%&quot;,&quot;tablet&quot;:&quot;100%&quot;,&quot;mobile&quot;:&quot;100%&quot;},&quot;height&quot;:{&quot;desktop&quot;:&quot;450px&quot;,&quot;tablet&quot;:&quot;450px&quot;,&quot;mobile&quot;:&quot;450px&quot;},&quot;buttonColors&quot;:{&quot;color&quot;:null,&quot;bg&quot;:null},&quot;buttonHoverColors&quot;:{&quot;color&quot;:null,&quot;bg&quot;:null}},&quot;TrpContentRestriction&quot;:{&quot;restriction_type&quot;:&quot;exclude&quot;,&quot;selected_languages&quot;:[],&quot;panel_open&quot;:true}}'><\/div>\n\n\t\t<\/div>\n\t<\/div>\n<\/div><\/div><\/div><\/div><div data-vc-full-width=\"true\" data-vc-full-width-init=\"false\" class=\"vc_row wpb_row vc_row-fluid vc_custom_1538561199197 vc_row-has-fill vc_row-o-content-middle vc_row-flex\"><div class=\"wpb_column vc_column_container vc_col-sm-7\"><div class=\"vc_column-inner\"><div class=\"wpb_wrapper\">\r\n    \n\t<div class=\"wpb_text_column wpb_content_element\" >\n\t\t<div class=\"wpb_wrapper\">\n\t\t\t<div class=\"wp-block-panorama-image-3d\" id='bBlocksImage3DViewer-2' data-attributes='{&quot;imageUrl&quot;:&quot;https:\\\/\\\/gerqinagroup.com\\\/wp-content\\\/uploads\\\/2024\\\/07\\\/New-Panorama1_Final-scaled.jpg&quot;,&quot;options&quot;:{&quot;autoRotate&quot;:true,&quot;autoRotateSpeed&quot;:&quot;2&quot;,&quot;autoRotateInactivityDelay&quot;:3000,&quot;hideDefaultCtrl&quot;:false,&quot;initialView&quot;:false,&quot;initialPosition&quot;:{&quot;x&quot;:0,&quot;y&quot;:0,&quot;z&quot;:0},&quot;isDeviceMotion&quot;:false},&quot;layout&quot;:{&quot;alignSl&quot;:{&quot;desktop&quot;:&quot;center&quot;,&quot;tablet&quot;:&quot;center&quot;,&quot;mobile&quot;:&quot;center&quot;},&quot;width&quot;:{&quot;desktop&quot;:&quot;100%&quot;,&quot;tablet&quot;:&quot;100%&quot;,&quot;mobile&quot;:&quot;100%&quot;},&quot;height&quot;:{&quot;desktop&quot;:&quot;450px&quot;,&quot;tablet&quot;:&quot;450px&quot;,&quot;mobile&quot;:&quot;450px&quot;},&quot;buttonColors&quot;:{&quot;color&quot;:null,&quot;bg&quot;:null},&quot;buttonHoverColors&quot;:{&quot;color&quot;:null,&quot;bg&quot;:null}},&quot;TrpContentRestriction&quot;:{&quot;restriction_type&quot;:&quot;exclude&quot;,&quot;selected_languages&quot;:[],&quot;panel_open&quot;:true}}'><\/div>\n\n\t\t<\/div>\n\t<\/div>\n<\/div><\/div><\/div><div class=\"wpb_column vc_column_container vc_col-sm-5\"><div class=\"vc_column-inner\"><div class=\"wpb_wrapper\"><div class=\"vc_row wpb_row vc_inner vc_row-fluid overlap-left\"><div class=\"shadow-box wpb_column vc_column_container vc_col-sm-12\"><div class=\"vc_column-inner\"><div class=\"wpb_wrapper\"><span class=\"subtitle dash-false style-dark text-default\">Business partner<\/span>\n\t<div class=\"wpb_text_column wpb_content_element\" >\n\t\t<div class=\"wpb_wrapper\">\n\t\t\t<p>N\u00eb k\u00ebto 20 vjet t\u00eb partneritetit t\u00eb biznesit familjar, kemi ndjekur nj\u00eb rrug\u00ebtim t\u00eb ngusht\u00eb t\u00eb arritjeve dhe sfidave. \u00cbsht\u00eb nj\u00eb rrug\u00ebtim q\u00eb ka qen\u00eb i pasur me momente t\u00eb lumturis\u00eb dhe t\u00eb arritjeve t\u00eb m\u00ebdha, por edhe me momente t\u00eb v\u00ebshtira dhe sfida t\u00eb m\u00ebdha.<\/p>\n\n\t\t<\/div>\n\t<\/div>\n\n\t<div class=\"wpb_text_column wpb_content_element\" >\n\t\t<div class=\"wpb_wrapper\">\n\t\t\t<p>Partneriteti yn\u00eb ka qen\u00eb i nd\u00ebrtuar mbi themel t\u00eb forta t\u00eb besimit, komunikimit t\u00eb hapur dhe p\u00ebrkushtimit t\u00eb patundur. Ne nuk jemi thjesht partner\u00eb t\u00eb biznesit; jemi nj\u00eb familje q\u00eb ka nd\u00ebrtuar nj\u00eb t\u00eb ardhme t\u00eb p\u00ebrbashk\u00ebt. Tani, pas 20 vjet\u00ebsh, ne po shohim nj\u00eb biznes t\u00eb q\u00ebndruesh\u00ebm dhe nj\u00eb familje t\u00eb fort\u00eb q\u00eb vazhdon t\u00eb rritet bashk\u00eb.<\/p>\n\n\t\t<\/div>\n\t<\/div>\n\n\t<div class=\"wpb_text_column wpb_content_element\" >\n\t\t<div class=\"wpb_wrapper\">\n\t\t\t<p>This partnership is a precious gift and an asset that cannot be valued enough. Looking forward, we remain committed to each other and to our vision for a bright and successful future for our family and business.<\/p>\n\n\t\t<\/div>\n\t<\/div>\n<\/div><\/div><\/div><\/div><\/div><\/div><\/div><\/div><div class=\"vc_row-full-width vc_clearfix\"><\/div>\n<\/section>","protected":false},"excerpt":{"rendered":"Ne e duam pun\u00ebn, k\u00ebshtu arrit\u00ebm k\u00ebtu. \u00c7do dyer, \u00e7do pllaka qeramike, \u00e7do detaj \u00ebsht\u00eb nj\u00eb gur i vog\u00ebl n\u00eb mozaikun e nd\u00ebrtimeve tuaja. P\u00ebr ne, secili gur \u00ebsht\u00eb nj\u00eb histori e ndryshme, nj\u00eb pasqyrim i pasionit dhe vizioneve tuaja. N\u00eb A-Gerqina, jemi k\u00ebtu p\u00ebr t\u00eb ju ndihmuar t\u00eb krijoni at\u00eb mozaik t\u00eb \u00ebndrrave tuaja, [...]","protected":false},"author":1,"featured_media":0,"parent":0,"menu_order":0,"comment_status":"closed","ping_status":"closed","template":"","meta":{"footnotes":""},"class_list":["post-13191","page","type-page","status-publish","hentry"],"acf":[],"_links":{"self":[{"href":"https:\/\/gerqinagroup.com\/en\/wp-json\/wp\/v2\/pages\/13191","targetHints":{"allow":["GET"]}}],"collection":[{"href":"https:\/\/gerqinagroup.com\/en\/wp-json\/wp\/v2\/pages"}],"about":[{"href":"https:\/\/gerqinagroup.com\/en\/wp-json\/wp\/v2\/types\/page"}],"author":[{"embeddable":true,"href":"https:\/\/gerqinagroup.com\/en\/wp-json\/wp\/v2\/users\/1"}],"replies":[{"embeddable":true,"href":"https:\/\/gerqinagroup.com\/en\/wp-json\/wp\/v2\/comments?post=13191"}],"version-history":[{"count":32,"href":"https:\/\/gerqinagroup.com\/en\/wp-json\/wp\/v2\/pages\/13191\/revisions"}],"predecessor-version":[{"id":15674,"href":"https:\/\/gerqinagroup.com\/en\/wp-json\/wp\/v2\/pages\/13191\/revisions\/15674"}],"wp:attachment":[{"href":"https:\/\/gerqinagroup.com\/en\/wp-json\/wp\/v2\/media?parent=13191"}],"curies":[{"name":"wp","href":"https:\/\/api.w.org\/{rel}","templated":true}]}}